{"id":1840,"date":"2022-02-13T16:16:45","date_gmt":"2022-02-13T21:16:45","guid":{"rendered":"https:\/\/misturabacalar.com\/?page_id=1840"},"modified":"2023-07-08T16:02:53","modified_gmt":"2023-07-08T21:02:53","slug":"bar","status":"publish","type":"page","link":"https:\/\/misturabacalar.com\/es\/bar\/","title":{"rendered":"BAR"},"content":{"rendered":"<div class=\"wp-block-cover alignfull\" style=\"min-height:800px;aspect-ratio:unset;\"><span aria-hidden=\"true\" class=\"wp-block-cover__background has-background-dim-40 has-background-dim\"><\/span><img loading=\"lazy\" decoding=\"async\" width=\"1920\" height=\"801\" class=\"wp-block-cover__image-background wp-image-287\" alt=\"\" src=\"https:\/\/misturabacalar.com\/wp-content\/uploads\/2021\/11\/bar-1-e1644873617268.jpg\" data-object-fit=\"cover\"\/><div class=\"wp-block-cover__inner-container is-layout-flow wp-block-cover-is-layout-flow\">\n<h3 class=\"wp-block-heading has-text-align-center has-white-color has-text-color\" id=\"mistura-bar\">MISTURA BAR<\/h3>\n\n\n\n<h6 class=\"wp-block-heading has-text-align-center has-white-color has-text-color\" id=\"cool-drinks-friendly-staff-excellent-service\">BEBIDAS FRESCAS, PERSONAL AMABLE, servicio excelente.<\/h6>\n\n\n\n<div class=\"wp-block-buttons is-horizontal is-content-justification-center is-layout-flex wp-container-core-buttons-is-layout-03627597 wp-block-buttons-is-layout-flex\">\n<div class=\"wp-block-button\"><a class=\"wp-block-button__link has-white-color has-luminous-vivid-orange-background-color has-text-color has-background wp-element-button\" href=\"https:\/\/misturabacalar.com\/wp-content\/uploads\/easy-pdf-restaurant-menu\/menu-files\/mistura-menu-general.pdf\">MENU DE BEBIDAS<\/a><\/div>\n<\/div>\n<\/div><\/div>\n\n\n\n<div style=\"height:30px\" aria-hidden=\"true\" class=\"wp-block-spacer\"><\/div>\n\n\n\n<div class=\"wp-block-columns is-layout-flex wp-container-core-columns-is-layout-28f84493 wp-block-columns-is-layout-flex\">\n<div class=\"wp-block-column is-vertically-aligned-center is-layout-flow wp-block-column-is-layout-flow\">\n<h3 class=\"wp-block-heading has-text-align-center has-luminous-vivid-orange-color has-text-color\" id=\"discover\">DESCUBRE<\/h3>\n\n\n\n<h4 class=\"wp-block-heading has-text-align-center\" id=\"an-oasis-of-tranquility-in-bacalar\"><strong>UN OASIS DE TRANQUILIDAD EN BACALAR<\/strong><\/h4>\n\n\n\n<p class=\"has-text-align-center\"><br>El Mistura Bar al aire libre ofrece algunos de los mejores mezcales, tequilas, vinos galardonados y cervezas locales. Que podr\u00e1s disfrutar por la tarde o despu\u00e9s de una comida en nuestro restaurante.<\/p>\n\n\n\n<p class=\"has-text-align-center\">Pruebe nuestras bebidas tropicales como \"<em>La Palma Azul<\/em>o beba una cerveza helada. Disfrute del amable servicio y atenci\u00f3n de nuestro personal. \u00a1Son tus vacaciones y queremos que te encante Blue Palm!<\/p>\n\n\n\n<p class=\"has-text-align-center\">EL BAR MISTURA EST\u00c1 ABIERTO TODOS LOS D\u00cdAS<\/p>\n<\/div>\n\n\n\n<div class=\"wp-block-column is-layout-flow wp-block-column-is-layout-flow\">\n<div style=\"height:30px\" aria-hidden=\"true\" class=\"wp-block-spacer\"><\/div>\n\n\n\n<figure class=\"wp-block-gallery has-nested-images columns-2 wp-block-gallery-1 is-layout-flex wp-block-gallery-is-layout-flex\">\n<figure class=\"wp-block-image size-full\"><img loading=\"lazy\" decoding=\"async\" width=\"300\" height=\"500\" data-id=\"1951\" src=\"https:\/\/misturabacalar.com\/wp-content\/uploads\/2022\/03\/407.jpg\" alt=\"\" class=\"wp-image-1951\" srcset=\"https:\/\/misturabacalar.com\/wp-content\/uploads\/2022\/03\/407.jpg 300w, https:\/\/misturabacalar.com\/wp-content\/uploads\/2022\/03\/407-180x300.jpg 180w\" sizes=\"auto, (max-width: 300px) 100vw, 300px\" \/><\/figure>\n\n\n\n<figure class=\"wp-block-image size-full\"><img loading=\"lazy\" decoding=\"async\" width=\"300\" height=\"500\" data-id=\"1952\" src=\"https:\/\/misturabacalar.com\/wp-content\/uploads\/2022\/03\/406.jpg\" alt=\"\" class=\"wp-image-1952\" srcset=\"https:\/\/misturabacalar.com\/wp-content\/uploads\/2022\/03\/406.jpg 300w, https:\/\/misturabacalar.com\/wp-content\/uploads\/2022\/03\/406-180x300.jpg 180w\" sizes=\"auto, (max-width: 300px) 100vw, 300px\" \/><\/figure>\n<\/figure>\n<\/div>\n<\/div>\n\n\n\n<h3 class=\"wp-block-heading has-text-align-center has-ast-global-color-0-color has-text-color\">DISFRUTAR DE UNA BEBIDA FRESCA POR LA TARDE O POR LA NOCHE<\/h3>\n\n\n\n<p class=\"has-text-align-center\">En nuestra zona de bar tropical al aire libre disfrutar\u00e1 de un servicio personalizado y amable por parte de nuestro personal. Sirviendo los mejores est\u00e1ndares junto con las excelentes bebidas tropicales, una buena selecci\u00f3n de vinos mexicanos galardonados, adem\u00e1s de sus cervezas favoritas con algunas cervezas elaboradas en la zona que tal vez disfrute probar.  <\/p>\n\n\n\n<figure class=\"wp-block-gallery has-nested-images columns-4 is-cropped wp-block-gallery-2 is-layout-flex wp-block-gallery-is-layout-flex\">\n<figure class=\"wp-block-image size-full\"><img loading=\"lazy\" decoding=\"async\" width=\"500\" height=\"350\" data-id=\"1868\" src=\"https:\/\/misturabacalar.com\/wp-content\/uploads\/2022\/02\/barside.jpg\" alt=\"\" class=\"wp-image-1868\" srcset=\"https:\/\/misturabacalar.com\/wp-content\/uploads\/2022\/02\/barside.jpg 500w, https:\/\/misturabacalar.com\/wp-content\/uploads\/2022\/02\/barside-300x210.jpg 300w\" sizes=\"auto, (max-width: 500px) 100vw, 500px\" \/><\/figure>\n\n\n\n<figure class=\"wp-block-image size-full\"><img loading=\"lazy\" decoding=\"async\" width=\"350\" height=\"350\" data-id=\"1959\" src=\"https:\/\/misturabacalar.com\/wp-content\/uploads\/2022\/03\/843.jpg\" alt=\"\" class=\"wp-image-1959\" srcset=\"https:\/\/misturabacalar.com\/wp-content\/uploads\/2022\/03\/843.jpg 350w, https:\/\/misturabacalar.com\/wp-content\/uploads\/2022\/03\/843-300x300.jpg 300w, https:\/\/misturabacalar.com\/wp-content\/uploads\/2022\/03\/843-150x150.jpg 150w\" sizes=\"auto, (max-width: 350px) 100vw, 350px\" \/><\/figure>\n\n\n\n<figure class=\"wp-block-image size-full\"><img loading=\"lazy\" decoding=\"async\" width=\"350\" height=\"350\" data-id=\"1963\" src=\"https:\/\/misturabacalar.com\/wp-content\/uploads\/2022\/03\/847.jpg\" alt=\"\" class=\"wp-image-1963\" srcset=\"https:\/\/misturabacalar.com\/wp-content\/uploads\/2022\/03\/847.jpg 350w, https:\/\/misturabacalar.com\/wp-content\/uploads\/2022\/03\/847-300x300.jpg 300w, https:\/\/misturabacalar.com\/wp-content\/uploads\/2022\/03\/847-150x150.jpg 150w\" sizes=\"auto, (max-width: 350px) 100vw, 350px\" \/><\/figure>\n\n\n\n<figure class=\"wp-block-image size-full\"><img loading=\"lazy\" decoding=\"async\" width=\"350\" height=\"350\" data-id=\"1960\" src=\"https:\/\/misturabacalar.com\/wp-content\/uploads\/2022\/03\/846.jpg\" alt=\"\" class=\"wp-image-1960\" srcset=\"https:\/\/misturabacalar.com\/wp-content\/uploads\/2022\/03\/846.jpg 350w, https:\/\/misturabacalar.com\/wp-content\/uploads\/2022\/03\/846-300x300.jpg 300w, https:\/\/misturabacalar.com\/wp-content\/uploads\/2022\/03\/846-150x150.jpg 150w\" sizes=\"auto, (max-width: 350px) 100vw, 350px\" \/><\/figure>\n\n\n\n<figure class=\"wp-block-image size-full\"><img loading=\"lazy\" decoding=\"async\" width=\"350\" height=\"350\" data-id=\"1965\" src=\"https:\/\/misturabacalar.com\/wp-content\/uploads\/2022\/03\/809-1.jpg\" alt=\"\" class=\"wp-image-1965\" srcset=\"https:\/\/misturabacalar.com\/wp-content\/uploads\/2022\/03\/809-1.jpg 350w, https:\/\/misturabacalar.com\/wp-content\/uploads\/2022\/03\/809-1-300x300.jpg 300w, https:\/\/misturabacalar.com\/wp-content\/uploads\/2022\/03\/809-1-150x150.jpg 150w\" sizes=\"auto, (max-width: 350px) 100vw, 350px\" \/><\/figure>\n\n\n\n<figure class=\"wp-block-image size-full\"><img loading=\"lazy\" decoding=\"async\" width=\"350\" height=\"350\" data-id=\"1961\" src=\"https:\/\/misturabacalar.com\/wp-content\/uploads\/2022\/03\/778.jpg\" alt=\"\" class=\"wp-image-1961\" srcset=\"https:\/\/misturabacalar.com\/wp-content\/uploads\/2022\/03\/778.jpg 350w, https:\/\/misturabacalar.com\/wp-content\/uploads\/2022\/03\/778-300x300.jpg 300w, https:\/\/misturabacalar.com\/wp-content\/uploads\/2022\/03\/778-150x150.jpg 150w\" sizes=\"auto, (max-width: 350px) 100vw, 350px\" \/><\/figure>\n\n\n\n<figure class=\"wp-block-image size-full\"><img loading=\"lazy\" decoding=\"async\" width=\"350\" height=\"350\" data-id=\"1962\" src=\"https:\/\/misturabacalar.com\/wp-content\/uploads\/2022\/03\/851.jpg\" alt=\"\" class=\"wp-image-1962\" srcset=\"https:\/\/misturabacalar.com\/wp-content\/uploads\/2022\/03\/851.jpg 350w, https:\/\/misturabacalar.com\/wp-content\/uploads\/2022\/03\/851-300x300.jpg 300w, https:\/\/misturabacalar.com\/wp-content\/uploads\/2022\/03\/851-150x150.jpg 150w\" sizes=\"auto, (max-width: 350px) 100vw, 350px\" \/><\/figure>\n\n\n\n<figure class=\"wp-block-image size-full\"><img loading=\"lazy\" decoding=\"async\" width=\"350\" height=\"350\" data-id=\"1958\" src=\"https:\/\/misturabacalar.com\/wp-content\/uploads\/2022\/03\/411.jpg\" alt=\"\" class=\"wp-image-1958\" srcset=\"https:\/\/misturabacalar.com\/wp-content\/uploads\/2022\/03\/411.jpg 350w, https:\/\/misturabacalar.com\/wp-content\/uploads\/2022\/03\/411-300x300.jpg 300w, https:\/\/misturabacalar.com\/wp-content\/uploads\/2022\/03\/411-150x150.jpg 150w\" sizes=\"auto, (max-width: 350px) 100vw, 350px\" \/><\/figure>\n<\/figure>\n\n\n\n<div style=\"height:25px\" aria-hidden=\"true\" class=\"wp-block-spacer\"><\/div>\n\n\n\n<div class=\"wp-block-columns is-not-stacked-on-mobile is-layout-flex wp-container-core-columns-is-layout-28f84493 wp-block-columns-is-layout-flex\">\n<div class=\"wp-block-column is-layout-flow wp-block-column-is-layout-flow\" style=\"flex-basis:35%\"><\/div>\n\n\n\n<div class=\"wp-block-column is-layout-flow wp-block-column-is-layout-flow\" style=\"flex-basis:30.98%\">\n<figure class=\"wp-block-gallery aligncenter has-nested-images columns-8 wp-block-gallery-3 is-layout-flex wp-block-gallery-is-layout-flex\">\n<figure class=\"wp-block-image aligncenter size-large is-style-default\"><a href=\"https:\/\/www.instagram.com\/misturabacalar\/\" target=\"_blank\" rel=\"noopener\"><img loading=\"lazy\" decoding=\"async\" width=\"64\" height=\"64\" data-id=\"1878\" src=\"https:\/\/misturabacalar.com\/wp-content\/uploads\/2022\/02\/i.png\" alt=\"\" class=\"wp-image-1878\"\/><\/a><\/figure>\n\n\n\n<figure class=\"wp-block-image aligncenter size-large is-style-default\"><a href=\"https:\/\/www.tripadvisor.com\/Hotel_Review-g1202648-d23138232-Reviews-Blue_Palm_Bacalar-Bacalar_Yucatan_Peninsula.html\" target=\"_blank\" rel=\"noopener\"><img loading=\"lazy\" decoding=\"async\" width=\"64\" height=\"64\" data-id=\"1880\" src=\"https:\/\/misturabacalar.com\/wp-content\/uploads\/2022\/02\/t.png\" alt=\"\" class=\"wp-image-1880\"\/><\/a><\/figure>\n\n\n\n<figure class=\"wp-block-image aligncenter size-full is-style-default\"><a href=\"https:\/\/www.youtube.com\/@bluepalm6985https:\/\/www.youtube.com\/@bluepalm6985\" target=\"_blank\" rel=\"noopener\"><img loading=\"lazy\" decoding=\"async\" width=\"64\" height=\"64\" data-id=\"2066\" src=\"https:\/\/misturabacalar.com\/wp-content\/uploads\/2023\/07\/social04.png\" alt=\"\" class=\"wp-image-2066\" srcset=\"https:\/\/misturabacalar.com\/wp-content\/uploads\/2023\/07\/social04.png 64w, https:\/\/misturabacalar.com\/wp-content\/uploads\/2023\/07\/social04-12x12.png 12w\" sizes=\"auto, (max-width: 64px) 100vw, 64px\" \/><\/a><\/figure>\n\n\n\n<figure class=\"wp-block-image aligncenter size-large is-style-default\"><a href=\"https:\/\/www.facebook.com\/misturabacalar\/\" target=\"_blank\" rel=\"noopener\"><img loading=\"lazy\" decoding=\"async\" width=\"64\" height=\"64\" data-id=\"1876\" src=\"https:\/\/misturabacalar.com\/wp-content\/uploads\/2022\/02\/f.png\" alt=\"\" class=\"wp-image-1876\"\/><\/a><\/figure>\n\n\n\n<figure class=\"wp-block-image aligncenter size-full is-style-default\"><a href=\"https:\/\/goo.gl\/maps\/Vo9Za1egCaZXCC6s5\" target=\"_blank\" rel=\"noopener\"><img loading=\"lazy\" decoding=\"async\" width=\"64\" height=\"64\" data-id=\"1877\" src=\"https:\/\/misturabacalar.com\/wp-content\/uploads\/2022\/02\/g.png\" alt=\"\" class=\"wp-image-1877\"\/><\/a><\/figure>\n\n\n\n<figure class=\"wp-block-image aligncenter size-large is-style-default\"><a href=\"https:\/\/wa.me\/529831369507\" target=\"_blank\" rel=\"noopener\"><img loading=\"lazy\" decoding=\"async\" width=\"64\" height=\"64\" data-id=\"1874\" src=\"https:\/\/misturabacalar.com\/wp-content\/uploads\/2022\/02\/w.png\" alt=\"\" class=\"wp-image-1874\"\/><\/a><\/figure>\n<\/figure>\n<\/div>\n\n\n\n<div class=\"wp-block-column is-layout-flow wp-block-column-is-layout-flow\" style=\"flex-basis:35%\"><\/div>\n<\/div>","protected":false},"excerpt":{"rendered":"<p>DISCOVER AN OASIS OF TRANQUILITY IN BACALAR The open-air Mistura Bar offers some of the best mezcals, tequilas, award winning wines, and local beers. Which you can enjoy in the afternoon or after a meal in our restaurant. Try our tropical drinks such as &#8220;La Palma Azul&#8220;, or sip an ice cold beer. Enjoy the [&hellip;]<\/p>\n","protected":false},"author":1,"featured_media":0,"parent":0,"menu_order":0,"comment_status":"closed","ping_status":"closed","template":"","meta":{"_uag_custom_page_level_css":"","site-sidebar-layout":"no-sidebar","site-content-layout":"plain-container","ast-site-content-layout":"default","site-content-style":"default","site-sidebar-style":"default","ast-global-header-display":"","ast-banner-title-visibility":"","ast-main-header-display":"","ast-hfb-above-header-display":"","ast-hfb-below-header-display":"","ast-hfb-mobile-header-display":"","site-post-title":"disabled","ast-breadcrumbs-content":"","ast-featured-img":"disabled","footer-sml-layout":"","ast-disable-related-posts":"","theme-transparent-header-meta":"enabled","adv-header-id-meta":"","stick-header-meta":"","header-above-stick-meta":"","header-main-stick-meta":"","header-below-stick-meta":"","astra-migrate-meta-layouts":"default","ast-page-background-enabled":"default","ast-page-background-meta":{"desktop":{"background-color":"","background-image":"","background-repeat":"repeat","background-position":"center center","background-size":"auto","background-attachment":"scroll","background-type":"","background-media":"","overlay-type":"","overlay-color":"","overlay-opacity":"","overlay-gradient":""},"tablet":{"background-color":"","background-image":"","background-repeat":"repeat","background-position":"center center","background-size":"auto","background-attachment":"scroll","background-type":"","background-media":"","overlay-type":"","overlay-color":"","overlay-opacity":"","overlay-gradient":""},"mobile":{"background-color":"","background-image":"","background-repeat":"repeat","background-position":"center center","background-size":"auto","background-attachment":"scroll","background-type":"","background-media":"","overlay-type":"","overlay-color":"","overlay-opacity":"","overlay-gradient":""}},"ast-content-background-meta":{"desktop":{"background-color":"var(--ast-global-color-5)","background-image":"","background-repeat":"repeat","background-position":"center center","background-size":"auto","background-attachment":"scroll","background-type":"","background-media":"","overlay-type":"","overlay-color":"","overlay-opacity":"","overlay-gradient":""},"tablet":{"background-color":"var(--ast-global-color-5)","background-image":"","background-repeat":"repeat","background-position":"center center","background-size":"auto","background-attachment":"scroll","background-type":"","background-media":"","overlay-type":"","overlay-color":"","overlay-opacity":"","overlay-gradient":""},"mobile":{"background-color":"var(--ast-global-color-5)","background-image":"","background-repeat":"repeat","background-position":"center center","background-size":"auto","background-attachment":"scroll","background-type":"","background-media":"","overlay-type":"","overlay-color":"","overlay-opacity":"","overlay-gradient":""}},"footnotes":""},"class_list":["post-1840","page","type-page","status-publish","hentry"],"yoast_head":"<!-- This site is optimized with the Yoast SEO plugin v27.5 - https:\/\/yoast.com\/product\/yoast-seo-wordpress\/ -->\n<title>BAR - MISTURA<\/title>\n<meta name=\"description\" content=\"The open-air Mistura Bar offers some of the best mezcals, tequilas, wines and local beers. Enjoy the friendly service and attention of our staff.\" \/>\n<meta name=\"robots\" content=\"index, follow, max-snippet:-1, max-image-preview:large, max-video-preview:-1\" \/>\n<link rel=\"canonical\" href=\"https:\/\/misturabacalar.com\/es\/bar\/\" \/>\n<meta property=\"og:locale\" content=\"es_MX\" \/>\n<meta property=\"og:type\" content=\"article\" \/>\n<meta property=\"og:title\" content=\"BAR - MISTURA\" \/>\n<meta property=\"og:description\" content=\"The open-air Mistura Bar offers some of the best mezcals, tequilas, wines and local beers. Enjoy the friendly service and attention of our staff.\" \/>\n<meta property=\"og:url\" content=\"https:\/\/misturabacalar.com\/es\/bar\/\" \/>\n<meta property=\"og:site_name\" content=\"MISTURA\" \/>\n<meta property=\"article:publisher\" content=\"https:\/\/www.facebook.com\/misturabacalar\/\" \/>\n<meta property=\"article:modified_time\" content=\"2023-07-08T21:02:53+00:00\" \/>\n<meta property=\"og:image\" content=\"https:\/\/misturabacalar.com\/wp-content\/uploads\/2021\/11\/bar-1-e1644873617268.jpg\" \/>\n<meta name=\"twitter:card\" content=\"summary_large_image\" \/>\n<meta name=\"twitter:label1\" content=\"Tiempo de lectura\" \/>\n\t<meta name=\"twitter:data1\" content=\"5 minutos\" \/>\n<script type=\"application\/ld+json\" class=\"yoast-schema-graph\">{\"@context\":\"https:\\\/\\\/schema.org\",\"@graph\":[{\"@type\":\"WebPage\",\"@id\":\"https:\\\/\\\/misturabacalar.com\\\/bar\\\/\",\"url\":\"https:\\\/\\\/misturabacalar.com\\\/bar\\\/\",\"name\":\"BAR - MISTURA\",\"isPartOf\":{\"@id\":\"https:\\\/\\\/misturabacalar.com\\\/#website\"},\"primaryImageOfPage\":{\"@id\":\"https:\\\/\\\/misturabacalar.com\\\/bar\\\/#primaryimage\"},\"image\":{\"@id\":\"https:\\\/\\\/misturabacalar.com\\\/bar\\\/#primaryimage\"},\"thumbnailUrl\":\"https:\\\/\\\/misturabacalar.com\\\/wp-content\\\/uploads\\\/2021\\\/11\\\/bar-1-e1644873617268.jpg\",\"datePublished\":\"2022-02-13T21:16:45+00:00\",\"dateModified\":\"2023-07-08T21:02:53+00:00\",\"description\":\"The open-air Mistura Bar offers some of the best mezcals, tequilas, wines and local beers. Enjoy the friendly service and attention of our staff.\",\"breadcrumb\":{\"@id\":\"https:\\\/\\\/misturabacalar.com\\\/bar\\\/#breadcrumb\"},\"inLanguage\":\"es\",\"potentialAction\":[{\"@type\":\"ReadAction\",\"target\":[\"https:\\\/\\\/misturabacalar.com\\\/bar\\\/\"]}]},{\"@type\":\"ImageObject\",\"inLanguage\":\"es\",\"@id\":\"https:\\\/\\\/misturabacalar.com\\\/bar\\\/#primaryimage\",\"url\":\"https:\\\/\\\/misturabacalar.com\\\/wp-content\\\/uploads\\\/2021\\\/11\\\/bar-1-e1644873617268.jpg\",\"contentUrl\":\"https:\\\/\\\/misturabacalar.com\\\/wp-content\\\/uploads\\\/2021\\\/11\\\/bar-1-e1644873617268.jpg\"},{\"@type\":\"BreadcrumbList\",\"@id\":\"https:\\\/\\\/misturabacalar.com\\\/bar\\\/#breadcrumb\",\"itemListElement\":[{\"@type\":\"ListItem\",\"position\":1,\"name\":\"Home\",\"item\":\"https:\\\/\\\/misturabacalar.com\\\/\"},{\"@type\":\"ListItem\",\"position\":2,\"name\":\"BAR\"}]},{\"@type\":\"WebSite\",\"@id\":\"https:\\\/\\\/misturabacalar.com\\\/#website\",\"url\":\"https:\\\/\\\/misturabacalar.com\\\/\",\"name\":\"MISTURA BACALAR\",\"description\":\"Restaurante de comida regional mexicana.\",\"publisher\":{\"@id\":\"https:\\\/\\\/misturabacalar.com\\\/#organization\"},\"alternateName\":\"MISTURA\",\"potentialAction\":[{\"@type\":\"SearchAction\",\"target\":{\"@type\":\"EntryPoint\",\"urlTemplate\":\"https:\\\/\\\/misturabacalar.com\\\/?s={search_term_string}\"},\"query-input\":{\"@type\":\"PropertyValueSpecification\",\"valueRequired\":true,\"valueName\":\"search_term_string\"}}],\"inLanguage\":\"es\"},{\"@type\":\"Organization\",\"@id\":\"https:\\\/\\\/misturabacalar.com\\\/#organization\",\"name\":\"MISTURA RESTAURANT & BAR\",\"alternateName\":\"MISTURA RESTAURANT & BAR\",\"url\":\"https:\\\/\\\/misturabacalar.com\\\/\",\"logo\":{\"@type\":\"ImageObject\",\"inLanguage\":\"es\",\"@id\":\"https:\\\/\\\/misturabacalar.com\\\/#\\\/schema\\\/logo\\\/image\\\/\",\"url\":\"https:\\\/\\\/misturabacalar.com\\\/wp-content\\\/uploads\\\/2023\\\/07\\\/mistura.png\",\"contentUrl\":\"https:\\\/\\\/misturabacalar.com\\\/wp-content\\\/uploads\\\/2023\\\/07\\\/mistura.png\",\"width\":238,\"height\":213,\"caption\":\"MISTURA RESTAURANT & BAR\"},\"image\":{\"@id\":\"https:\\\/\\\/misturabacalar.com\\\/#\\\/schema\\\/logo\\\/image\\\/\"},\"sameAs\":[\"https:\\\/\\\/www.facebook.com\\\/misturabacalar\\\/\",\"https:\\\/\\\/www.instagram.com\\\/misturabacalar\\\/\",\"https:\\\/\\\/www.yelp.com\\\/biz\\\/mistura-bacalar-restaurant-bacalar\",\"https:\\\/\\\/www.tripadvisor.com\\\/Hotel_Review-g1202648-d23138232-Reviews-Blue_Palm_Bacalar-Bacalar_Yucatan_Peninsula.html\",\"https:\\\/\\\/www.youtube.com\\\/@bluepalm6985\",\"https:\\\/\\\/goo.gl\\\/maps\\\/Vo9Za1egCaZXCC6s5\",\"https:\\\/\\\/wa.me\\\/529831369507\"]}]}<\/script>\n<!-- \/ Yoast SEO plugin. -->","yoast_head_json":{"title":"BAR - MISTURA","description":"The open-air Mistura Bar offers some of the best mezcals, tequilas, wines and local beers. Enjoy the friendly service and attention of our staff.","robots":{"index":"index","follow":"follow","max-snippet":"max-snippet:-1","max-image-preview":"max-image-preview:large","max-video-preview":"max-video-preview:-1"},"canonical":"https:\/\/misturabacalar.com\/es\/bar\/","og_locale":"es_MX","og_type":"article","og_title":"BAR - MISTURA","og_description":"The open-air Mistura Bar offers some of the best mezcals, tequilas, wines and local beers. Enjoy the friendly service and attention of our staff.","og_url":"https:\/\/misturabacalar.com\/es\/bar\/","og_site_name":"MISTURA","article_publisher":"https:\/\/www.facebook.com\/misturabacalar\/","article_modified_time":"2023-07-08T21:02:53+00:00","og_image":[{"url":"https:\/\/misturabacalar.com\/wp-content\/uploads\/2021\/11\/bar-1-e1644873617268.jpg","type":"","width":"","height":""}],"twitter_card":"summary_large_image","twitter_misc":{"Tiempo de lectura":"5 minutos"},"schema":{"@context":"https:\/\/schema.org","@graph":[{"@type":"WebPage","@id":"https:\/\/misturabacalar.com\/bar\/","url":"https:\/\/misturabacalar.com\/bar\/","name":"BAR - MISTURA","isPartOf":{"@id":"https:\/\/misturabacalar.com\/#website"},"primaryImageOfPage":{"@id":"https:\/\/misturabacalar.com\/bar\/#primaryimage"},"image":{"@id":"https:\/\/misturabacalar.com\/bar\/#primaryimage"},"thumbnailUrl":"https:\/\/misturabacalar.com\/wp-content\/uploads\/2021\/11\/bar-1-e1644873617268.jpg","datePublished":"2022-02-13T21:16:45+00:00","dateModified":"2023-07-08T21:02:53+00:00","description":"The open-air Mistura Bar offers some of the best mezcals, tequilas, wines and local beers. Enjoy the friendly service and attention of our staff.","breadcrumb":{"@id":"https:\/\/misturabacalar.com\/bar\/#breadcrumb"},"inLanguage":"es","potentialAction":[{"@type":"ReadAction","target":["https:\/\/misturabacalar.com\/bar\/"]}]},{"@type":"ImageObject","inLanguage":"es","@id":"https:\/\/misturabacalar.com\/bar\/#primaryimage","url":"https:\/\/misturabacalar.com\/wp-content\/uploads\/2021\/11\/bar-1-e1644873617268.jpg","contentUrl":"https:\/\/misturabacalar.com\/wp-content\/uploads\/2021\/11\/bar-1-e1644873617268.jpg"},{"@type":"BreadcrumbList","@id":"https:\/\/misturabacalar.com\/bar\/#breadcrumb","itemListElement":[{"@type":"ListItem","position":1,"name":"Home","item":"https:\/\/misturabacalar.com\/"},{"@type":"ListItem","position":2,"name":"BAR"}]},{"@type":"WebSite","@id":"https:\/\/misturabacalar.com\/#website","url":"https:\/\/misturabacalar.com\/","name":"MISTURA BACALAR","description":"Restaurante de comida regional mexicana.","publisher":{"@id":"https:\/\/misturabacalar.com\/#organization"},"alternateName":"MISTURA","potentialAction":[{"@type":"SearchAction","target":{"@type":"EntryPoint","urlTemplate":"https:\/\/misturabacalar.com\/?s={search_term_string}"},"query-input":{"@type":"PropertyValueSpecification","valueRequired":true,"valueName":"search_term_string"}}],"inLanguage":"es"},{"@type":"Organization","@id":"https:\/\/misturabacalar.com\/#organization","name":"MISTURA RESTAURANT & BAR","alternateName":"MISTURA RESTAURANT & BAR","url":"https:\/\/misturabacalar.com\/","logo":{"@type":"ImageObject","inLanguage":"es","@id":"https:\/\/misturabacalar.com\/#\/schema\/logo\/image\/","url":"https:\/\/misturabacalar.com\/wp-content\/uploads\/2023\/07\/mistura.png","contentUrl":"https:\/\/misturabacalar.com\/wp-content\/uploads\/2023\/07\/mistura.png","width":238,"height":213,"caption":"MISTURA RESTAURANT & BAR"},"image":{"@id":"https:\/\/misturabacalar.com\/#\/schema\/logo\/image\/"},"sameAs":["https:\/\/www.facebook.com\/misturabacalar\/","https:\/\/www.instagram.com\/misturabacalar\/","https:\/\/www.yelp.com\/biz\/mistura-bacalar-restaurant-bacalar","https:\/\/www.tripadvisor.com\/Hotel_Review-g1202648-d23138232-Reviews-Blue_Palm_Bacalar-Bacalar_Yucatan_Peninsula.html","https:\/\/www.youtube.com\/@bluepalm6985","https:\/\/goo.gl\/maps\/Vo9Za1egCaZXCC6s5","https:\/\/wa.me\/529831369507"]}]}},"uagb_featured_image_src":{"full":false,"thumbnail":false,"medium":false,"medium_large":false,"large":false,"1536x1536":false,"2048x2048":false,"trp-custom-language-flag":false},"uagb_author_info":{"display_name":"admin","author_link":"https:\/\/misturabacalar.com\/es\/author\/admin\/"},"uagb_comment_info":0,"uagb_excerpt":"DISCOVER AN OASIS OF TRANQUILITY IN BACALAR The open-air Mistura Bar offers some of the best mezcals, tequilas, award winning wines, and local beers. Which you can enjoy in the afternoon or after a meal in our restaurant. Try our tropical drinks such as &#8220;La Palma Azul&#8220;, or sip an ice cold beer. Enjoy the&hellip;","_links":{"self":[{"href":"https:\/\/misturabacalar.com\/es\/wp-json\/wp\/v2\/pages\/1840","targetHints":{"allow":["GET"]}}],"collection":[{"href":"https:\/\/misturabacalar.com\/es\/wp-json\/wp\/v2\/pages"}],"about":[{"href":"https:\/\/misturabacalar.com\/es\/wp-json\/wp\/v2\/types\/page"}],"author":[{"embeddable":true,"href":"https:\/\/misturabacalar.com\/es\/wp-json\/wp\/v2\/users\/1"}],"replies":[{"embeddable":true,"href":"https:\/\/misturabacalar.com\/es\/wp-json\/wp\/v2\/comments?post=1840"}],"version-history":[{"count":3,"href":"https:\/\/misturabacalar.com\/es\/wp-json\/wp\/v2\/pages\/1840\/revisions"}],"predecessor-version":[{"id":2111,"href":"https:\/\/misturabacalar.com\/es\/wp-json\/wp\/v2\/pages\/1840\/revisions\/2111"}],"wp:attachment":[{"href":"https:\/\/misturabacalar.com\/es\/wp-json\/wp\/v2\/media?parent=1840"}],"curies":[{"name":"wp","href":"https:\/\/api.w.org\/{rel}","templated":true}]}}